{"id":11242,"date":"2022-12-14T22:01:31","date_gmt":"2022-12-15T03:01:31","guid":{"rendered":"https:\/\/joiemoi.com\/blog\/"},"modified":"2024-07-19T04:36:16","modified_gmt":"2024-07-19T08:36:16","slug":"blogue","status":"publish","type":"page","link":"https:\/\/joiemoi.com\/fr\/blogue\/","title":{"rendered":"Blogue"},"content":{"rendered":"\t\t<div data-elementor-type=\"wp-page\" data-elementor-id=\"11242\" class=\"elementor elementor-11242 elementor-2812\" data-elementor-post-type=\"page\">\n\t\t\t\t\t\t<section data-dynamic-background-color=\"#A9B1AB\" class=\"elementor-section elementor-top-section elementor-element elementor-element-5ebd6f6 elementor-section-boxed elementor-section-height-default elementor-section-height-default qodef-elementor-content-no qodef-elementor-column-no\" data-id=\"5ebd6f6\" data-element_type=\"section\">\n\t\t\t\t\t\t\t<div class=\"elementor-background-overlay\"><\/div>\n\t\t\t\t\t\t\t<div class=\"elementor-container elementor-column-gap-default\">\n\t\t\t\t\t<div class=\"elementor-column elementor-col-100 elementor-top-column elementor-element elementor-element-d21359d\" data-id=\"d21359d\" data-element_type=\"column\">\n\t\t\t<div class=\"elementor-widget-wrap elementor-element-populated\">\n\t\t\t\t\t\t<div class=\"elementor-element elementor-element-d8c21aa elementor-widget elementor-widget-hiroshi_core_section_title\" data-id=\"d8c21aa\" data-element_type=\"widget\" data-widget_type=\"hiroshi_core_section_title.default\">\n\t\t\t\t<div class=\"elementor-widget-container\">\n\t\t\t<div class=\"qodef-shortcode qodef-m  qodef-section-title qodef-alignment--center \">\n\t\t<h1 class=\"qodef-m-title\" style=\"color: #013040\">\n\t\t\t\t\tBlogue\t\t\t<\/h1>\n\t<\/div>\n\t\t<\/div>\n\t\t\t\t<\/div>\n\t\t\t\t\t<\/div>\n\t\t<\/div>\n\t\t\t\t\t<\/div>\n\t\t<\/section>\n\t\t\t\t<section data-dynamic-background-color=\"#A9B1AB\" class=\"elementor-section elementor-top-section elementor-element elementor-element-c5392f1 elementor-section-boxed elementor-section-height-default elementor-section-height-default qodef-elementor-content-no qodef-elementor-column-no\" data-id=\"c5392f1\" data-element_type=\"section\">\n\t\t\t\t\t\t\t<div class=\"elementor-background-overlay\"><\/div>\n\t\t\t\t\t\t\t<div class=\"elementor-container elementor-column-gap-default\">\n\t\t\t\t\t<div class=\"elementor-column elementor-col-100 elementor-top-column elementor-element elementor-element-7c4d398\" data-id=\"7c4d398\" data-element_type=\"column\">\n\t\t\t<div class=\"elementor-widget-wrap elementor-element-populated\">\n\t\t\t\t\t\t<div class=\"elementor-element elementor-element-24271f3 elementor-widget elementor-widget-text-editor\" data-id=\"24271f3\" data-element_type=\"widget\" data-widget_type=\"text-editor.default\">\n\t\t\t\t<div class=\"elementor-widget-container\">\n\t\t\t<style>\/*! elementor - v3.22.0 - 26-06-2024 *\/\n.elementor-widget-text-editor.elementor-drop-cap-view-stacked .elementor-drop-cap{background-color:#69727d;color:#fff}.elementor-widget-text-editor.elementor-drop-cap-view-framed .elementor-drop-cap{color:#69727d;border:3px solid;background-color:transparent}.elementor-widget-text-editor:not(.elementor-drop-cap-view-default) .elementor-drop-cap{margin-top:8px}.elementor-widget-text-editor:not(.elementor-drop-cap-view-default) .elementor-drop-cap-letter{width:1em;height:1em}.elementor-widget-text-editor .elementor-drop-cap{float:left;text-align:center;line-height:1;font-size:50px}.elementor-widget-text-editor .elementor-drop-cap-letter{display:inline-block}<\/style>\t\t\t\t<p>* Les r\u00e9dactions sont pr\u00e9sentement disponibles en anglais seulement. *<\/p>\t\t\t\t\t\t<\/div>\n\t\t\t\t<\/div>\n\t\t\t\t<div class=\"elementor-element elementor-element-5707550 elementor-blockquote--skin-clean elementor-blockquote--button-color-official elementor-widget elementor-widget-blockquote\" data-id=\"5707550\" data-element_type=\"widget\" data-widget_type=\"blockquote.default\">\n\t\t\t\t<div class=\"elementor-widget-container\">\n\t\t\t<style>\/*! elementor-pro - v3.21.0 - 30-04-2024 *\/\n@charset \"UTF-8\";.entry-content blockquote.elementor-blockquote:not(.alignright):not(.alignleft),.entry-summary blockquote.elementor-blockquote{margin-right:0;margin-left:0}.elementor-widget-blockquote blockquote{margin:0;padding:0;outline:0;font-size:100%;vertical-align:baseline;background:transparent;quotes:none;border:0;font-style:normal;color:#3f444b}.elementor-widget-blockquote blockquote .e-q-footer:after,.elementor-widget-blockquote blockquote .e-q-footer:before,.elementor-widget-blockquote blockquote:after,.elementor-widget-blockquote blockquote:before,.elementor-widget-blockquote blockquote cite:after,.elementor-widget-blockquote blockquote cite:before{content:none}.elementor-blockquote{transition:.3s}.elementor-blockquote__author,.elementor-blockquote__content{margin-bottom:0;font-style:normal}.elementor-blockquote__author{font-weight:700}.elementor-blockquote .e-q-footer{margin-top:12px;display:flex;justify-content:space-between}.elementor-blockquote__tweet-button{display:flex;transition:.3s;color:#1da1f2;align-self:flex-end;line-height:1;position:relative;width:-moz-max-content;width:max-content}.elementor-blockquote__tweet-button:hover{color:#0967a0}.elementor-blockquote__tweet-button span{font-weight:600}.elementor-blockquote__tweet-button i,.elementor-blockquote__tweet-button span{vertical-align:middle}.elementor-blockquote__tweet-button i+span,.elementor-blockquote__tweet-button svg+span{margin-inline-start:.5em}.elementor-blockquote__tweet-button svg{fill:#1da1f2;height:1em;width:1em}.elementor-blockquote__tweet-label{white-space:pre-wrap}.elementor-blockquote--button-skin-bubble .elementor-blockquote__tweet-button,.elementor-blockquote--button-skin-classic .elementor-blockquote__tweet-button{padding:.7em 1.2em;border-radius:100em;background-color:#1da1f2;color:#fff;font-size:15px}.elementor-blockquote--button-skin-bubble .elementor-blockquote__tweet-button:hover,.elementor-blockquote--button-skin-classic .elementor-blockquote__tweet-button:hover{background-color:#0967a0;color:#fff}.elementor-blockquote--button-skin-bubble .elementor-blockquote__tweet-button:hover:before,.elementor-blockquote--button-skin-classic .elementor-blockquote__tweet-button:hover:before{border-inline-end-color:#0967a0}.elementor-blockquote--button-skin-bubble .elementor-blockquote__tweet-button svg,.elementor-blockquote--button-skin-classic .elementor-blockquote__tweet-button svg{fill:#fff;height:1em;width:1em}.elementor-blockquote--button-skin-bubble.elementor-blockquote--button-view-icon .elementor-blockquote__tweet-button,.elementor-blockquote--button-skin-classic.elementor-blockquote--button-view-icon .elementor-blockquote__tweet-button{padding:0;width:2em;height:2em}.elementor-blockquote--button-skin-bubble.elementor-blockquote--button-view-icon .elementor-blockquote__tweet-button i,.elementor-blockquote--button-skin-classic.elementor-blockquote--button-view-icon .elementor-blockquote__tweet-button i{position:absolute;left:50%;top:50%;transform:translate(-50%,-50%)}.elementor-blockquote--button-skin-bubble .elementor-blockquote__tweet-button:before{content:\"\";border:.5em solid transparent;border-inline-end-color:#1da1f2;position:absolute;left:-.8em;top:50%;transform:translateY(-50%) scaleY(.65);transition:.3s}.elementor-blockquote--button-skin-bubble.elementor-blockquote--align-left .elementor-blockquote__tweet-button:before{right:auto;left:-.8em;border-right-color:#1da1f2;border-left-color:transparent}.elementor-blockquote--button-skin-bubble.elementor-blockquote--align-left .elementor-blockquote__tweet-button:hover:before{border-right-color:#0967a0}.elementor-blockquote--button-skin-bubble.elementor-blockquote--align-right .elementor-blockquote__tweet-button:before{left:auto;right:-.8em;border-right-color:transparent;border-left-color:#1da1f2}.elementor-blockquote--button-skin-bubble.elementor-blockquote--align-right .elementor-blockquote__tweet-button:hover:before{border-left-color:#0967a0}.elementor-blockquote--skin-boxed .elementor-blockquote{background-color:#f9fafa;padding:30px}.elementor-blockquote--skin-border .elementor-blockquote{border-color:#f9fafa;border-style:solid;border-inline-start-width:7px;padding-inline-start:20px}.elementor-blockquote--skin-quotation .elementor-blockquote:before{content:\"\u201c\";font-size:100px;color:#f9fafa;font-family:Times New Roman,Times,serif;font-weight:900;line-height:1;display:block;height:.6em}.elementor-blockquote--skin-quotation .elementor-blockquote__content{margin-top:15px}.elementor-blockquote--align-left .elementor-blockquote__content{text-align:left}.elementor-blockquote--align-left .elementor-blockquote .e-q-footer{flex-direction:row}.elementor-blockquote--align-right .elementor-blockquote__content{text-align:right}.elementor-blockquote--align-right .elementor-blockquote .e-q-footer{flex-direction:row-reverse}.elementor-blockquote--align-center .elementor-blockquote{text-align:center}.elementor-blockquote--align-center .elementor-blockquote .e-q-footer,.elementor-blockquote--align-center .elementor-blockquote__author{display:block}.elementor-blockquote--align-center .elementor-blockquote__tweet-button{margin-right:auto;margin-left:auto}<\/style>\t\t<blockquote class=\"elementor-blockquote\">\n\t\t\t<p class=\"elementor-blockquote__content\">\n\t\t\t\t\"Il y a interaction entre langage et pens\u00e9e. Un langage organis\u00e9 agit sur l'organisation de la pens\u00e9e, et une pens\u00e9e organis\u00e9e agit sur l'organisation du langage.\"\t\t\t<\/p>\n\t\t\t\t\t\t\t<div class=\"e-q-footer\">\n\t\t\t\t\t\t\t\t\t\t\t<cite class=\"elementor-blockquote__author\">Ahmad Amin<\/cite>\n\t\t\t\t\t\t\t\t\t\t\t\t\t\t<\/div>\n\t\t\t\t\t<\/blockquote>\n\t\t\t\t<\/div>\n\t\t\t\t<\/div>\n\t\t\t\t\t<\/div>\n\t\t<\/div>\n\t\t\t\t\t<\/div>\n\t\t<\/section>\n\t\t\t\t<section data-dynamic-background-color=\"#A9B1AB\" class=\"elementor-section elementor-top-section elementor-element elementor-element-9acdb22 elementor-section-boxed elementor-section-height-default elementor-section-height-default qodef-elementor-content-no qodef-elementor-column-no\" data-id=\"9acdb22\" data-element_type=\"section\">\n\t\t\t\t\t\t\t<div class=\"elementor-background-overlay\"><\/div>\n\t\t\t\t\t\t\t<div class=\"elementor-container elementor-column-gap-default\">\n\t\t\t\t\t<div class=\"elementor-column elementor-col-100 elementor-top-column elementor-element elementor-element-5d922ec\" data-id=\"5d922ec\" data-element_type=\"column\">\n\t\t\t<div class=\"elementor-widget-wrap elementor-element-populated\">\n\t\t\t\t\t\t<div class=\"elementor-element elementor-element-41a6d87 elementor-widget elementor-widget-hiroshi_core_blog_list\" data-id=\"41a6d87\" data-element_type=\"widget\" data-widget_type=\"hiroshi_core_blog_list.default\">\n\t\t\t\t<div class=\"elementor-widget-container\">\n\t\t\t<div class=\"qodef-shortcode qodef-m  qodef-blog qodef--list qodef-item-layout--standard qodef-bottom-border--enabled qodef-grid qodef-layout--columns  qodef-gutter--medium qodef-col-num--1 qodef-item-layout--standard qodef--no-bottom-space qodef-pagination--off qodef-responsive--predefined\" data-options=\"{&quot;plugin&quot;:&quot;hiroshi_core&quot;,&quot;module&quot;:&quot;blog\\\/shortcodes&quot;,&quot;shortcode&quot;:&quot;blog-list&quot;,&quot;post_type&quot;:&quot;post&quot;,&quot;next_page&quot;:&quot;2&quot;,&quot;max_pages_num&quot;:1,&quot;behavior&quot;:&quot;columns&quot;,&quot;images_proportion&quot;:&quot;full&quot;,&quot;columns&quot;:&quot;1&quot;,&quot;columns_responsive&quot;:&quot;predefined&quot;,&quot;space&quot;:&quot;medium&quot;,&quot;posts_per_page&quot;:&quot;9&quot;,&quot;orderby&quot;:&quot;date&quot;,&quot;order&quot;:&quot;DESC&quot;,&quot;layout&quot;:&quot;standard&quot;,&quot;title_tag&quot;:&quot;h3&quot;,&quot;toggle_read_more&quot;:&quot;no&quot;,&quot;toggle_excerpt&quot;:&quot;no&quot;,&quot;toggle_tags&quot;:&quot;no&quot;,&quot;toggle_date&quot;:&quot;yes&quot;,&quot;toggle_border&quot;:&quot;yes&quot;,&quot;enable_vertical_info&quot;:&quot;no&quot;,&quot;pagination_type&quot;:&quot;no-pagination&quot;,&quot;object_class_name&quot;:&quot;HiroshiCore_Blog_List_Shortcode&quot;,&quot;taxonomy_filter&quot;:&quot;category&quot;,&quot;space_value&quot;:20}\">\n\t\t<div class=\"qodef-grid-inner clear\">\n\t\t<article class=\"qodef-e qodef-blog-item qodef-grid-item qodef-item--full post-12009 post type-post status-publish format-standard has-post-thumbnail hentry category-uncategorized-fr\">\n\t<div class=\"qodef-e-inner\">\n\t\t<div class=\"qodef-e-media\">\n\t\t<div class=\"qodef-e-media-image\">\n\t\t<a itemprop=\"url\" href=\"https:\/\/joiemoi.com\/fr\/the-chain-of-values\/\">\n\t\t\t<img fetchpriority=\"high\" decoding=\"async\" width=\"1920\" height=\"780\" src=\"https:\/\/joiemoi.com\/wp-content\/uploads\/2024\/09\/joie-et-moi-the-chain-of-values.jpg\" class=\"attachment-full size-full wp-post-image\" alt=\"\" srcset=\"https:\/\/joiemoi.com\/wp-content\/uploads\/2024\/09\/joie-et-moi-the-chain-of-values.jpg 1920w, https:\/\/joiemoi.com\/wp-content\/uploads\/2024\/09\/joie-et-moi-the-chain-of-values-300x122.jpg 300w, https:\/\/joiemoi.com\/wp-content\/uploads\/2024\/09\/joie-et-moi-the-chain-of-values-1024x416.jpg 1024w, https:\/\/joiemoi.com\/wp-content\/uploads\/2024\/09\/joie-et-moi-the-chain-of-values-768x312.jpg 768w, https:\/\/joiemoi.com\/wp-content\/uploads\/2024\/09\/joie-et-moi-the-chain-of-values-1536x624.jpg 1536w\" sizes=\"(max-width: 1920px) 100vw, 1920px\" \/>\t\t<\/a>\n\t<\/div>\n<\/div>\n\t\t<div class=\"qodef-e-content\">\n\t\t\t<div class=\"qodef-e-text\">\n\t\t\t\t<h3 itemprop=\"name\" class=\"qodef-e-title entry-title\" >\n\t<a itemprop=\"url\" class=\"qodef-e-title-link\" href=\"https:\/\/joiemoi.com\/fr\/the-chain-of-values\/\">\n\t\tThe Chain of Values\t<\/a>\n<\/h3>\n\t\t\t<\/div>\n\t\t\t<div class=\"qodef-e-bottom-holder\">\n\t\t\t\t<div class=\"qodef-e-left qodef-e-info\">\n\t\t\t\t\t<a href=\"https:\/\/joiemoi.com\/fr\/category\/uncategorized-fr\/\" rel=\"tag\">Uncategorized<\/a><div class=\"qodef-info-separator-end\"><\/div><a itemprop=\"dateCreated\" href=\"https:\/\/joiemoi.com\/fr\/2024\/09\/\" class=\"entry-date \">\n\tseptembre 16, 2024<\/a><div class=\"qodef-info-separator-end\"><\/div>\n\t\t\t\t<\/div>\n\t\t\t\t\t\t\t<\/div>\n\t\t<\/div>\n\t<\/div>\n<\/article>\n<article class=\"qodef-e qodef-blog-item qodef-grid-item qodef-item--full post-11965 post type-post status-publish format-standard has-post-thumbnail hentry category-uncategorized-fr\">\n\t<div class=\"qodef-e-inner\">\n\t\t<div class=\"qodef-e-media\">\n\t\t<div class=\"qodef-e-media-image\">\n\t\t<a itemprop=\"url\" href=\"https:\/\/joiemoi.com\/fr\/therapy-for-the-home\/\">\n\t\t\t<img decoding=\"async\" width=\"1920\" height=\"780\" src=\"https:\/\/joiemoi.com\/wp-content\/uploads\/2024\/08\/joie-et-moi-therapy-for-the-home.jpg\" class=\"attachment-full size-full wp-post-image\" alt=\"\" srcset=\"https:\/\/joiemoi.com\/wp-content\/uploads\/2024\/08\/joie-et-moi-therapy-for-the-home.jpg 1920w, https:\/\/joiemoi.com\/wp-content\/uploads\/2024\/08\/joie-et-moi-therapy-for-the-home-300x122.jpg 300w, https:\/\/joiemoi.com\/wp-content\/uploads\/2024\/08\/joie-et-moi-therapy-for-the-home-1024x416.jpg 1024w, https:\/\/joiemoi.com\/wp-content\/uploads\/2024\/08\/joie-et-moi-therapy-for-the-home-768x312.jpg 768w, https:\/\/joiemoi.com\/wp-content\/uploads\/2024\/08\/joie-et-moi-therapy-for-the-home-1536x624.jpg 1536w\" sizes=\"(max-width: 1920px) 100vw, 1920px\" \/>\t\t<\/a>\n\t<\/div>\n<\/div>\n\t\t<div class=\"qodef-e-content\">\n\t\t\t<div class=\"qodef-e-text\">\n\t\t\t\t<h3 itemprop=\"name\" class=\"qodef-e-title entry-title\" >\n\t<a itemprop=\"url\" class=\"qodef-e-title-link\" href=\"https:\/\/joiemoi.com\/fr\/therapy-for-the-home\/\">\n\t\tTherapy for the home\t<\/a>\n<\/h3>\n\t\t\t<\/div>\n\t\t\t<div class=\"qodef-e-bottom-holder\">\n\t\t\t\t<div class=\"qodef-e-left qodef-e-info\">\n\t\t\t\t\t<a href=\"https:\/\/joiemoi.com\/fr\/category\/uncategorized-fr\/\" rel=\"tag\">Uncategorized<\/a><div class=\"qodef-info-separator-end\"><\/div><a itemprop=\"dateCreated\" href=\"https:\/\/joiemoi.com\/fr\/2024\/08\/\" class=\"entry-date \">\n\tao\u00fbt 8, 2024<\/a><div class=\"qodef-info-separator-end\"><\/div>\n\t\t\t\t<\/div>\n\t\t\t\t\t\t\t<\/div>\n\t\t<\/div>\n\t<\/div>\n<\/article>\n<article class=\"qodef-e qodef-blog-item qodef-grid-item qodef-item--full post-11428 post type-post status-publish format-standard has-post-thumbnail hentry category-uncategorized-fr\">\n\t<div class=\"qodef-e-inner\">\n\t\t<div class=\"qodef-e-media\">\n\t\t<div class=\"qodef-e-media-image\">\n\t\t<a itemprop=\"url\" href=\"https:\/\/joiemoi.com\/fr\/what-got-you-here-wont-get-you-there\/\">\n\t\t\t<img decoding=\"async\" width=\"1920\" height=\"780\" src=\"https:\/\/joiemoi.com\/wp-content\/uploads\/2024\/05\/372-1920x780-1.jpeg\" class=\"attachment-full size-full wp-post-image\" alt=\"\" srcset=\"https:\/\/joiemoi.com\/wp-content\/uploads\/2024\/05\/372-1920x780-1.jpeg 1920w, https:\/\/joiemoi.com\/wp-content\/uploads\/2024\/05\/372-1920x780-1-300x122.jpeg 300w, https:\/\/joiemoi.com\/wp-content\/uploads\/2024\/05\/372-1920x780-1-1024x416.jpeg 1024w, https:\/\/joiemoi.com\/wp-content\/uploads\/2024\/05\/372-1920x780-1-768x312.jpeg 768w, https:\/\/joiemoi.com\/wp-content\/uploads\/2024\/05\/372-1920x780-1-1536x624.jpeg 1536w\" sizes=\"(max-width: 1920px) 100vw, 1920px\" \/>\t\t<\/a>\n\t<\/div>\n<\/div>\n\t\t<div class=\"qodef-e-content\">\n\t\t\t<div class=\"qodef-e-text\">\n\t\t\t\t<h3 itemprop=\"name\" class=\"qodef-e-title entry-title\" >\n\t<a itemprop=\"url\" class=\"qodef-e-title-link\" href=\"https:\/\/joiemoi.com\/fr\/what-got-you-here-wont-get-you-there\/\">\n\t\tWhat got you here, won\u2019t get you there\t<\/a>\n<\/h3>\n\t\t\t<\/div>\n\t\t\t<div class=\"qodef-e-bottom-holder\">\n\t\t\t\t<div class=\"qodef-e-left qodef-e-info\">\n\t\t\t\t\t<a href=\"https:\/\/joiemoi.com\/fr\/category\/uncategorized-fr\/\" rel=\"tag\">Uncategorized<\/a><div class=\"qodef-info-separator-end\"><\/div><a itemprop=\"dateCreated\" href=\"https:\/\/joiemoi.com\/fr\/2024\/06\/\" class=\"entry-date \">\n\tjuin 25, 2024<\/a><div class=\"qodef-info-separator-end\"><\/div>\n\t\t\t\t<\/div>\n\t\t\t\t\t\t\t<\/div>\n\t\t<\/div>\n\t<\/div>\n<\/article>\n<article class=\"qodef-e qodef-blog-item qodef-grid-item qodef-item--full post-11427 post type-post status-publish format-standard has-post-thumbnail hentry category-uncategorized-fr\">\n\t<div class=\"qodef-e-inner\">\n\t\t<div class=\"qodef-e-media\">\n\t\t<div class=\"qodef-e-media-image\">\n\t\t<a itemprop=\"url\" href=\"https:\/\/joiemoi.com\/fr\/the-art-of-organizing\/\">\n\t\t\t<img loading=\"lazy\" decoding=\"async\" width=\"1920\" height=\"780\" src=\"https:\/\/joiemoi.com\/wp-content\/uploads\/2024\/05\/306-1920x780-1.jpeg\" class=\"attachment-full size-full wp-post-image\" alt=\"\" srcset=\"https:\/\/joiemoi.com\/wp-content\/uploads\/2024\/05\/306-1920x780-1.jpeg 1920w, https:\/\/joiemoi.com\/wp-content\/uploads\/2024\/05\/306-1920x780-1-300x122.jpeg 300w, https:\/\/joiemoi.com\/wp-content\/uploads\/2024\/05\/306-1920x780-1-1024x416.jpeg 1024w, https:\/\/joiemoi.com\/wp-content\/uploads\/2024\/05\/306-1920x780-1-768x312.jpeg 768w, https:\/\/joiemoi.com\/wp-content\/uploads\/2024\/05\/306-1920x780-1-1536x624.jpeg 1536w\" sizes=\"(max-width: 1920px) 100vw, 1920px\" \/>\t\t<\/a>\n\t<\/div>\n<\/div>\n\t\t<div class=\"qodef-e-content\">\n\t\t\t<div class=\"qodef-e-text\">\n\t\t\t\t<h3 itemprop=\"name\" class=\"qodef-e-title entry-title\" >\n\t<a itemprop=\"url\" class=\"qodef-e-title-link\" href=\"https:\/\/joiemoi.com\/fr\/the-art-of-organizing\/\">\n\t\tThe art of organizing\t<\/a>\n<\/h3>\n\t\t\t<\/div>\n\t\t\t<div class=\"qodef-e-bottom-holder\">\n\t\t\t\t<div class=\"qodef-e-left qodef-e-info\">\n\t\t\t\t\t<a href=\"https:\/\/joiemoi.com\/fr\/category\/uncategorized-fr\/\" rel=\"tag\">Uncategorized<\/a><div class=\"qodef-info-separator-end\"><\/div><a itemprop=\"dateCreated\" href=\"https:\/\/joiemoi.com\/fr\/2024\/06\/\" class=\"entry-date \">\n\tjuin 1, 2024<\/a><div class=\"qodef-info-separator-end\"><\/div>\n\t\t\t\t<\/div>\n\t\t\t\t\t\t\t<\/div>\n\t\t<\/div>\n\t<\/div>\n<\/article>\n<article class=\"qodef-e qodef-blog-item qodef-grid-item qodef-item--full post-11426 post type-post status-publish format-standard has-post-thumbnail hentry category-uncategorized-fr\">\n\t<div class=\"qodef-e-inner\">\n\t\t<div class=\"qodef-e-media\">\n\t\t<div class=\"qodef-e-media-image\">\n\t\t<a itemprop=\"url\" href=\"https:\/\/joiemoi.com\/fr\/my-journey-to-tidying\/\">\n\t\t\t<img loading=\"lazy\" decoding=\"async\" width=\"1920\" height=\"780\" src=\"https:\/\/joiemoi.com\/wp-content\/uploads\/2024\/05\/joie-et-moi-the-life-changing-magic-of-tidying-up-spark-joy-kondo.jpg\" class=\"attachment-full size-full wp-post-image\" alt=\"\" srcset=\"https:\/\/joiemoi.com\/wp-content\/uploads\/2024\/05\/joie-et-moi-the-life-changing-magic-of-tidying-up-spark-joy-kondo.jpg 1920w, https:\/\/joiemoi.com\/wp-content\/uploads\/2024\/05\/joie-et-moi-the-life-changing-magic-of-tidying-up-spark-joy-kondo-300x122.jpg 300w, https:\/\/joiemoi.com\/wp-content\/uploads\/2024\/05\/joie-et-moi-the-life-changing-magic-of-tidying-up-spark-joy-kondo-1024x416.jpg 1024w, https:\/\/joiemoi.com\/wp-content\/uploads\/2024\/05\/joie-et-moi-the-life-changing-magic-of-tidying-up-spark-joy-kondo-768x312.jpg 768w, https:\/\/joiemoi.com\/wp-content\/uploads\/2024\/05\/joie-et-moi-the-life-changing-magic-of-tidying-up-spark-joy-kondo-1536x624.jpg 1536w\" sizes=\"(max-width: 1920px) 100vw, 1920px\" \/>\t\t<\/a>\n\t<\/div>\n<\/div>\n\t\t<div class=\"qodef-e-content\">\n\t\t\t<div class=\"qodef-e-text\">\n\t\t\t\t<h3 itemprop=\"name\" class=\"qodef-e-title entry-title\" >\n\t<a itemprop=\"url\" class=\"qodef-e-title-link\" href=\"https:\/\/joiemoi.com\/fr\/my-journey-to-tidying\/\">\n\t\tMy journey to tidying\t<\/a>\n<\/h3>\n\t\t\t<\/div>\n\t\t\t<div class=\"qodef-e-bottom-holder\">\n\t\t\t\t<div class=\"qodef-e-left qodef-e-info\">\n\t\t\t\t\t<a href=\"https:\/\/joiemoi.com\/fr\/category\/uncategorized-fr\/\" rel=\"tag\">Uncategorized<\/a><div class=\"qodef-info-separator-end\"><\/div><a itemprop=\"dateCreated\" href=\"https:\/\/joiemoi.com\/fr\/2024\/05\/\" class=\"entry-date \">\n\tmai 1, 2024<\/a><div class=\"qodef-info-separator-end\"><\/div>\n\t\t\t\t<\/div>\n\t\t\t\t\t\t\t<\/div>\n\t\t<\/div>\n\t<\/div>\n<\/article>\n\t<\/div>\n\t<\/div>\n\t\t<\/div>\n\t\t\t\t<\/div>\n\t\t\t\t\t<\/div>\n\t\t<\/div>\n\t\t\t\t\t<\/div>\n\t\t<\/section>\n\t\t\t\t<\/div>\n\t\t","protected":false},"excerpt":{"rendered":"<p>Blogue * Les r\u00e9dactions sont pr\u00e9sentement disponibles en anglais seulement. * \u00ab\u00a0Il y a interaction entre langage et pens\u00e9e. Un langage organis\u00e9 agit sur l&rsquo;organisation de la pens\u00e9e, et une pens\u00e9e organis\u00e9e agit sur l&rsquo;organisation du langage.\u00a0\u00bb Ahmad Amin What got you here, won\u2019t get you there Uncategorized June 25, 2024 The art of organizing [&hellip;]<\/p>\n","protected":false},"author":1,"featured_media":0,"parent":0,"menu_order":0,"comment_status":"closed","ping_status":"closed","template":"page-full-width.php","meta":{"inline_featured_image":false,"footnotes":""},"_links":{"self":[{"href":"https:\/\/joiemoi.com\/fr\/wp-json\/wp\/v2\/pages\/11242"}],"collection":[{"href":"https:\/\/joiemoi.com\/fr\/wp-json\/wp\/v2\/pages"}],"about":[{"href":"https:\/\/joiemoi.com\/fr\/wp-json\/wp\/v2\/types\/page"}],"author":[{"embeddable":true,"href":"https:\/\/joiemoi.com\/fr\/wp-json\/wp\/v2\/users\/1"}],"replies":[{"embeddable":true,"href":"https:\/\/joiemoi.com\/fr\/wp-json\/wp\/v2\/comments?post=11242"}],"version-history":[{"count":23,"href":"https:\/\/joiemoi.com\/fr\/wp-json\/wp\/v2\/pages\/11242\/revisions"}],"predecessor-version":[{"id":11876,"href":"https:\/\/joiemoi.com\/fr\/wp-json\/wp\/v2\/pages\/11242\/revisions\/11876"}],"wp:attachment":[{"href":"https:\/\/joiemoi.com\/fr\/wp-json\/wp\/v2\/media?parent=11242"}],"curies":[{"name":"wp","href":"https:\/\/api.w.org\/{rel}","templated":true}]}}