{"id":11240,"date":"2024-03-14T01:04:50","date_gmt":"2024-03-14T05:04:50","guid":{"rendered":"https:\/\/joiemoi.com\/services\/"},"modified":"2024-07-19T04:37:14","modified_gmt":"2024-07-19T08:37:14","slug":"services","status":"publish","type":"page","link":"https:\/\/joiemoi.com\/fr\/services\/","title":{"rendered":"Services"},"content":{"rendered":"\t\t<div data-elementor-type=\"wp-page\" data-elementor-id=\"11240\" class=\"elementor elementor-11240 elementor-9755\" data-elementor-post-type=\"page\">\n\t\t\t\t\t\t<section data-dynamic-background-color=\"#A9B1AB\" class=\"elementor-section elementor-top-section elementor-element elementor-element-bd66028 elementor-section-full_width elementor-section-height-default elementor-section-height-default qodef-elementor-content-no qodef-elementor-column-no\" data-id=\"bd66028\" data-element_type=\"section\">\n\t\t\t\t\t\t\t<div class=\"elementor-background-overlay\"><\/div>\n\t\t\t\t\t\t\t<div class=\"elementor-container elementor-column-gap-custom\">\n\t\t\t\t\t<div class=\"elementor-column elementor-col-100 elementor-top-column elementor-element elementor-element-f50aaf5\" data-id=\"f50aaf5\" data-element_type=\"column\">\n\t\t\t<div class=\"elementor-widget-wrap elementor-element-populated\">\n\t\t\t\t\t\t<div class=\"elementor-element elementor-element-1db8d0a elementor-widget elementor-widget-hiroshi_core_section_title\" data-id=\"1db8d0a\" data-element_type=\"widget\" data-widget_type=\"hiroshi_core_section_title.default\">\n\t\t\t\t<div class=\"elementor-widget-container\">\n\t\t\t<div class=\"qodef-shortcode qodef-m  qodef-section-title qodef-alignment--left \">\n\t\t<h1 class=\"qodef-m-title\" style=\"color: #013040\">\n\t\t\t\t\tServices\t\t\t<\/h1>\n\t<\/div>\n\t\t<\/div>\n\t\t\t\t<\/div>\n\t\t\t\t\t<\/div>\n\t\t<\/div>\n\t\t\t\t\t<\/div>\n\t\t<\/section>\n\t\t\t\t<section data-dynamic-background-color=\"#A9B1AB\" class=\"elementor-section elementor-top-section elementor-element elementor-element-36d8f03 elementor-section-full_width elementor-section-height-default elementor-section-height-default qodef-elementor-content-no qodef-elementor-column-no\" data-id=\"36d8f03\" data-element_type=\"section\">\n\t\t\t\t\t\t\t<div class=\"elementor-background-overlay\"><\/div>\n\t\t\t\t\t\t\t<div class=\"elementor-container elementor-column-gap-no\">\n\t\t\t\t\t<div class=\"elementor-column elementor-col-50 elementor-top-column elementor-element elementor-element-f289f3e\" data-id=\"f289f3e\" data-element_type=\"column\">\n\t\t\t<div class=\"elementor-widget-wrap elementor-element-populated\">\n\t\t\t\t\t\t<div class=\"elementor-element elementor-element-4add351 elementor-widget elementor-widget-text-editor\" data-id=\"4add351\" data-element_type=\"widget\" data-widget_type=\"text-editor.default\">\n\t\t\t\t<div class=\"elementor-widget-container\">\n\t\t\t<style>\/*! elementor - v3.22.0 - 26-06-2024 *\/\n.elementor-widget-text-editor.elementor-drop-cap-view-stacked .elementor-drop-cap{background-color:#69727d;color:#fff}.elementor-widget-text-editor.elementor-drop-cap-view-framed .elementor-drop-cap{color:#69727d;border:3px solid;background-color:transparent}.elementor-widget-text-editor:not(.elementor-drop-cap-view-default) .elementor-drop-cap{margin-top:8px}.elementor-widget-text-editor:not(.elementor-drop-cap-view-default) .elementor-drop-cap-letter{width:1em;height:1em}.elementor-widget-text-editor .elementor-drop-cap{float:left;text-align:center;line-height:1;font-size:50px}.elementor-widget-text-editor .elementor-drop-cap-letter{display:inline-block}<\/style>\t\t\t\t<p>\u00c0 joie &amp; moi, nous offrons un service de d\u00e9sencombrement et d\u2019organisation. Nous aidons nos clients \u00e0 mettre en ordre leur maison afin de cr\u00e9er un espace enlign\u00e9 avec leurs valeurs ainsi qu&rsquo;un environnement d\u00e9pourvu de stress cr\u00e9\u00e9 par le surplus des biens mat\u00e9riels.<\/p><p>Nos consultations se font par blocs de trois heures en pr\u00e9sentiel ou par des tranches d&rsquo;horaires en ligne. Il y aura une entrevue t\u00e9l\u00e9phonique pr\u00e9liminaire de 30 min pour pouvoir mieux cibler vos besoins et vos objectifs.<\/p><p>Lorsque vous faites le trie de vos biens et que vous gardez uniquement ce qui vous procure de la joie, vous r\u00e9p\u00e9tez l\u2019exercice de se choisir soi-m\u00eame. Vous faites place \u00e0 une personne qui se m\u00e9tamorphose et qui d\u00e9cide de remettre ses priorit\u00e9s en ordre.<\/p><p>En lib\u00e9rant votre maison du mat\u00e9riel qui s\u2019est accumul\u00e9, vous rel\u00e2chez aussi l\u2019\u00e9nergie stagnante pour en accueillir une nouvelle. Nous vous ouvrons l\u2019horizon vers un nouveau mode de vie, de d\u00e9velopper votre conscience de soi et d\u2019adopter des habitudes de consommation plus \u00e9quilibr\u00e9es.<\/p>\t\t\t\t\t\t<\/div>\n\t\t\t\t<\/div>\n\t\t\t\t\t<\/div>\n\t\t<\/div>\n\t\t\t\t<div class=\"elementor-column elementor-col-50 elementor-top-column elementor-element elementor-element-43d0f1f\" data-id=\"43d0f1f\" data-element_type=\"column\">\n\t\t\t<div class=\"elementor-widget-wrap elementor-element-populated\">\n\t\t\t\t\t\t<div class=\"elementor-element elementor-element-594d7ea elementor-widget__width-inherit elementor-widget elementor-widget-image\" data-id=\"594d7ea\" data-element_type=\"widget\" data-widget_type=\"image.default\">\n\t\t\t\t<div class=\"elementor-widget-container\">\n\t\t\t<style>\/*! elementor - v3.22.0 - 26-06-2024 *\/\n.elementor-widget-image{text-align:center}.elementor-widget-image a{display:inline-block}.elementor-widget-image a img[src$=\".svg\"]{width:48px}.elementor-widget-image img{vertical-align:middle;display:inline-block}<\/style>\t\t\t\t\t\t\t\t\t\t<img fetchpriority=\"high\" decoding=\"async\" width=\"922\" height=\"922\" src=\"https:\/\/joiemoi.com\/wp-content\/uploads\/2024\/03\/organisateur-professionnel-montreal-joie-et-moi-contact.jpg\" class=\"attachment-full size-full wp-image-9813\" alt=\"\" srcset=\"https:\/\/joiemoi.com\/wp-content\/uploads\/2024\/03\/organisateur-professionnel-montreal-joie-et-moi-contact.jpg 922w, https:\/\/joiemoi.com\/wp-content\/uploads\/2024\/03\/organisateur-professionnel-montreal-joie-et-moi-contact-300x300.jpg 300w, https:\/\/joiemoi.com\/wp-content\/uploads\/2024\/03\/organisateur-professionnel-montreal-joie-et-moi-contact-150x150.jpg 150w, https:\/\/joiemoi.com\/wp-content\/uploads\/2024\/03\/organisateur-professionnel-montreal-joie-et-moi-contact-768x768.jpg 768w, https:\/\/joiemoi.com\/wp-content\/uploads\/2024\/03\/organisateur-professionnel-montreal-joie-et-moi-contact-650x650.jpg 650w\" sizes=\"(max-width: 922px) 100vw, 922px\" \/>\t\t\t\t\t\t\t\t\t\t\t\t\t<\/div>\n\t\t\t\t<\/div>\n\t\t\t\t\t<\/div>\n\t\t<\/div>\n\t\t\t\t\t<\/div>\n\t\t<\/section>\n\t\t\t\t<section data-dynamic-background-color=\"#A9B1AB\" class=\"elementor-section elementor-top-section elementor-element elementor-element-3351f10 elementor-section-full_width elementor-reverse-mobile elementor-section-height-default elementor-section-height-default qodef-elementor-content-no qodef-elementor-column-no\" data-id=\"3351f10\" data-element_type=\"section\">\n\t\t\t\t\t\t\t<div class=\"elementor-background-overlay\"><\/div>\n\t\t\t\t\t\t\t<div class=\"elementor-container elementor-column-gap-no\">\n\t\t\t\t\t<div class=\"elementor-column elementor-col-50 elementor-top-column elementor-element elementor-element-930d568\" data-id=\"930d568\" data-element_type=\"column\">\n\t\t\t<div class=\"elementor-widget-wrap elementor-element-populated\">\n\t\t\t\t\t\t<div class=\"elementor-element elementor-element-3b65393 elementor-widget__width-inherit elementor-widget elementor-widget-image\" data-id=\"3b65393\" data-element_type=\"widget\" data-widget_type=\"image.default\">\n\t\t\t\t<div class=\"elementor-widget-container\">\n\t\t\t\t\t\t\t\t\t\t\t\t\t<img decoding=\"async\" width=\"1366\" height=\"1202\" src=\"https:\/\/joiemoi.com\/wp-content\/uploads\/2024\/03\/consultant-konmari-montreal-joie-et-moi-services.jpg\" class=\"attachment-full size-full wp-image-9805\" alt=\"\" srcset=\"https:\/\/joiemoi.com\/wp-content\/uploads\/2024\/03\/consultant-konmari-montreal-joie-et-moi-services.jpg 1366w, https:\/\/joiemoi.com\/wp-content\/uploads\/2024\/03\/consultant-konmari-montreal-joie-et-moi-services-300x264.jpg 300w, https:\/\/joiemoi.com\/wp-content\/uploads\/2024\/03\/consultant-konmari-montreal-joie-et-moi-services-1024x901.jpg 1024w, https:\/\/joiemoi.com\/wp-content\/uploads\/2024\/03\/consultant-konmari-montreal-joie-et-moi-services-768x676.jpg 768w\" sizes=\"(max-width: 1366px) 100vw, 1366px\" \/>\t\t\t\t\t\t\t\t\t\t\t\t\t<\/div>\n\t\t\t\t<\/div>\n\t\t\t\t\t<\/div>\n\t\t<\/div>\n\t\t\t\t<div class=\"elementor-column elementor-col-50 elementor-top-column elementor-element elementor-element-8f717a4\" data-id=\"8f717a4\" data-element_type=\"column\">\n\t\t\t<div class=\"elementor-widget-wrap elementor-element-populated\">\n\t\t\t\t\t\t<div class=\"elementor-element elementor-element-340a6d0 elementor-widget elementor-widget-text-editor\" data-id=\"340a6d0\" data-element_type=\"widget\" data-widget_type=\"text-editor.default\">\n\t\t\t\t<div class=\"elementor-widget-container\">\n\t\t\t\t\t\t\t<h4>La m\u00e9taphore de fleur<\/h4><p>Il se trouve une certaine similarit\u00e9 entre une fleur et notre conscience. Tous deux sont uniques avec des motifs, des couleurs et une g\u00e9om\u00e9trie diff\u00e9rentes. Tous deux \u00e9closent tranquillement, \u00e0 leur propre rythme, p\u00e9tale par p\u00e9tale, couche par couche.<\/p><p>Mon r\u00f4le est de vous offrir mon support et de vous accompagner vers la cr\u00e9ation d\u2019un environnement propice \u00e0 votre croissance; de cultiver la force et la r\u00e9silience pour s\u2019\u00e9veiller dans la magie \u00e9ph\u00e9m\u00e8re de la vie.<\/p>\t\t\t\t\t\t<\/div>\n\t\t\t\t<\/div>\n\t\t\t\t\t<\/div>\n\t\t<\/div>\n\t\t\t\t\t<\/div>\n\t\t<\/section>\n\t\t\t\t<section class=\"elementor-section elementor-top-section elementor-element elementor-element-47b245a elementor-section-full_width elementor-section-height-default elementor-section-height-default qodef-elementor-content-no qodef-elementor-column-no\" data-id=\"47b245a\" data-element_type=\"section\" data-settings=\"{&quot;background_background&quot;:&quot;classic&quot;}\">\n\t\t\t\t\t\t<div class=\"elementor-container elementor-column-gap-default\">\n\t\t\t\t\t<div class=\"elementor-column elementor-col-100 elementor-top-column elementor-element elementor-element-7c8fc69\" data-id=\"7c8fc69\" data-element_type=\"column\">\n\t\t\t<div class=\"elementor-widget-wrap elementor-element-populated\">\n\t\t\t\t\t\t<div class=\"elementor-element elementor-element-620652e elementor-widget elementor-widget-heading\" data-id=\"620652e\" data-element_type=\"widget\" data-widget_type=\"heading.default\">\n\t\t\t\t<div class=\"elementor-widget-container\">\n\t\t\t<style>\/*! elementor - v3.22.0 - 26-06-2024 *\/\n.elementor-heading-title{padding:0;margin:0;line-height:1}.elementor-widget-heading .elementor-heading-title[class*=elementor-size-]>a{color:inherit;font-size:inherit;line-height:inherit}.elementor-widget-heading .elementor-heading-title.elementor-size-small{font-size:15px}.elementor-widget-heading .elementor-heading-title.elementor-size-medium{font-size:19px}.elementor-widget-heading .elementor-heading-title.elementor-size-large{font-size:29px}.elementor-widget-heading .elementor-heading-title.elementor-size-xl{font-size:39px}.elementor-widget-heading .elementor-heading-title.elementor-size-xxl{font-size:59px}<\/style><h2 class=\"elementor-heading-title elementor-size-default\">Honoraires:<\/h2>\t\t<\/div>\n\t\t\t\t<\/div>\n\t\t\t\t<div class=\"elementor-element elementor-element-b9979ab elementor-widget elementor-widget-text-editor\" data-id=\"b9979ab\" data-element_type=\"widget\" data-widget_type=\"text-editor.default\">\n\t\t\t\t<div class=\"elementor-widget-container\">\n\t\t\t\t\t\t\t<p>$225 pour une session de <span class=\"hljs-number\">3<\/span> heures<br \/>$75 pour une session virtuelle de <span class=\"hljs-number\">1<\/span> heure<\/p>\t\t\t\t\t\t<\/div>\n\t\t\t\t<\/div>\n\t\t\t\t\t<\/div>\n\t\t<\/div>\n\t\t\t\t\t<\/div>\n\t\t<\/section>\n\t\t\t\t<\/div>\n\t\t","protected":false},"excerpt":{"rendered":"<p>Services \u00c0 joie &amp; moi, nous offrons un service de d\u00e9sencombrement et d\u2019organisation. Nous aidons nos clients \u00e0 mettre en ordre leur maison afin de cr\u00e9er un espace enlign\u00e9 avec leurs valeurs ainsi qu&rsquo;un environnement d\u00e9pourvu de stress cr\u00e9\u00e9 par le surplus des biens mat\u00e9riels. Nos consultations se font par blocs de trois heures en [&hellip;]<\/p>\n","protected":false},"author":1,"featured_media":0,"parent":0,"menu_order":0,"comment_status":"closed","ping_status":"closed","template":"page-full-width.php","meta":{"inline_featured_image":false,"footnotes":""},"_links":{"self":[{"href":"https:\/\/joiemoi.com\/fr\/wp-json\/wp\/v2\/pages\/11240"}],"collection":[{"href":"https:\/\/joiemoi.com\/fr\/wp-json\/wp\/v2\/pages"}],"about":[{"href":"https:\/\/joiemoi.com\/fr\/wp-json\/wp\/v2\/types\/page"}],"author":[{"embeddable":true,"href":"https:\/\/joiemoi.com\/fr\/wp-json\/wp\/v2\/users\/1"}],"replies":[{"embeddable":true,"href":"https:\/\/joiemoi.com\/fr\/wp-json\/wp\/v2\/comments?post=11240"}],"version-history":[{"count":25,"href":"https:\/\/joiemoi.com\/fr\/wp-json\/wp\/v2\/pages\/11240\/revisions"}],"predecessor-version":[{"id":11892,"href":"https:\/\/joiemoi.com\/fr\/wp-json\/wp\/v2\/pages\/11240\/revisions\/11892"}],"wp:attachment":[{"href":"https:\/\/joiemoi.com\/fr\/wp-json\/wp\/v2\/media?parent=11240"}],"curies":[{"name":"wp","href":"https:\/\/api.w.org\/{rel}","templated":true}]}}