{"id":11239,"date":"2024-03-14T00:04:16","date_gmt":"2024-03-14T04:04:16","guid":{"rendered":"https:\/\/joiemoi.com\/about-me\/"},"modified":"2024-07-19T04:35:51","modified_gmt":"2024-07-19T08:35:51","slug":"a-propos","status":"publish","type":"page","link":"https:\/\/joiemoi.com\/fr\/a-propos\/","title":{"rendered":"\u00c0 propos"},"content":{"rendered":"\t\t<div data-elementor-type=\"wp-page\" data-elementor-id=\"11239\" class=\"elementor elementor-11239 elementor-9729\" data-elementor-post-type=\"page\">\n\t\t\t\t\t\t<section data-dynamic-background-color=\"#A9B1AB\" class=\"elementor-section elementor-top-section elementor-element elementor-element-8077800 elementor-section-full_width elementor-section-height-default elementor-section-height-default qodef-elementor-content-no qodef-elementor-column-no\" data-id=\"8077800\" data-element_type=\"section\">\n\t\t\t\t\t\t\t<div class=\"elementor-background-overlay\"><\/div>\n\t\t\t\t\t\t\t<div class=\"elementor-container elementor-column-gap-custom\">\n\t\t\t\t\t<div class=\"elementor-column elementor-col-100 elementor-top-column elementor-element elementor-element-518fecd\" data-id=\"518fecd\" data-element_type=\"column\">\n\t\t\t<div class=\"elementor-widget-wrap elementor-element-populated\">\n\t\t\t\t\t\t<div class=\"elementor-element elementor-element-8ca5fbc elementor-widget elementor-widget-hiroshi_core_section_title\" data-id=\"8ca5fbc\" data-element_type=\"widget\" data-widget_type=\"hiroshi_core_section_title.default\">\n\t\t\t\t<div class=\"elementor-widget-container\">\n\t\t\t<div class=\"qodef-shortcode qodef-m  qodef-section-title qodef-alignment--left \">\n\t\t<h1 class=\"qodef-m-title\" style=\"color: #013040\">\n\t\t\t\t\t\u00c0 Propos\t\t\t<\/h1>\n\t<\/div>\n\t\t<\/div>\n\t\t\t\t<\/div>\n\t\t\t\t\t<\/div>\n\t\t<\/div>\n\t\t\t\t\t<\/div>\n\t\t<\/section>\n\t\t\t\t<section data-dynamic-background-color=\"#A9B1AB\" class=\"elementor-section elementor-top-section elementor-element elementor-element-a8b34b0 elementor-section-full_width elementor-section-height-default elementor-section-height-default qodef-elementor-content-no qodef-elementor-column-no\" data-id=\"a8b34b0\" data-element_type=\"section\">\n\t\t\t\t\t\t\t<div class=\"elementor-background-overlay\"><\/div>\n\t\t\t\t\t\t\t<div class=\"elementor-container elementor-column-gap-no\">\n\t\t\t\t\t<div class=\"elementor-column elementor-col-50 elementor-top-column elementor-element elementor-element-60af30b\" data-id=\"60af30b\" data-element_type=\"column\">\n\t\t\t<div class=\"elementor-widget-wrap elementor-element-populated\">\n\t\t\t\t\t\t<div class=\"elementor-element elementor-element-e4513e8 elementor-widget elementor-widget-text-editor\" data-id=\"e4513e8\" data-element_type=\"widget\" data-widget_type=\"text-editor.default\">\n\t\t\t\t<div class=\"elementor-widget-container\">\n\t\t\t<style>\/*! elementor - v3.22.0 - 26-06-2024 *\/\n.elementor-widget-text-editor.elementor-drop-cap-view-stacked .elementor-drop-cap{background-color:#69727d;color:#fff}.elementor-widget-text-editor.elementor-drop-cap-view-framed .elementor-drop-cap{color:#69727d;border:3px solid;background-color:transparent}.elementor-widget-text-editor:not(.elementor-drop-cap-view-default) .elementor-drop-cap{margin-top:8px}.elementor-widget-text-editor:not(.elementor-drop-cap-view-default) .elementor-drop-cap-letter{width:1em;height:1em}.elementor-widget-text-editor .elementor-drop-cap{float:left;text-align:center;line-height:1;font-size:50px}.elementor-widget-text-editor .elementor-drop-cap-letter{display:inline-block}<\/style>\t\t\t\t<h4>Bonjour et bienvenue!<\/h4><p>Je m\u2019appelle Minh. Je suis une organisatrice professionnelle et une consultante Konmari certifi\u00e9.<\/p><p>Dans d\u2019autres sph\u00e8res de la vie, je suis l\u2019artiste r\u00eaveuse, la maman qui s&rsquo;\u00e9l\u00e8ve, la super tante, la cousine excentrique, l\u2019amie cool et la coll\u00e8gue fiable. Si vous aimez l\u2019astrologie, je suis Taureau avec une lune en Scorpion et ascendant G\u00e9meaux. Si vous \u00eates plus MBTI, je suis INFP.<\/p><p>Ma mission est d\u2019inviter mes clients \u00e0 avoir une conversation honn\u00eate avec leurs biens pour leur encourager \u00e0 se mettre \u00e0 l\u2019\u00e9coute de soi. Il existe une relation entre le mat\u00e9riel que l\u2019on poss\u00e8de et l\u2019\u00e9nergie qui nous entoure. Je pense fortement qu\u2019en choisissant de vous entourer par des biens qui vous procurent de la joie, vous vous retrouver \u00e0 honorer vos valeurs et de mener une vie authentique \u00e0 vous.<\/p><p><strong>Chacun per\u00e7oit la joie diff\u00e9remment et elle se retrouve dans chacun de nous.<\/strong><\/p><p><strong>Que repr\u00e9sente-t-elle pour vous?<\/strong><\/p>\t\t\t\t\t\t<\/div>\n\t\t\t\t<\/div>\n\t\t\t\t\t<\/div>\n\t\t<\/div>\n\t\t\t\t<div class=\"elementor-column elementor-col-50 elementor-top-column elementor-element elementor-element-bf6cec7\" data-id=\"bf6cec7\" data-element_type=\"column\">\n\t\t\t<div class=\"elementor-widget-wrap elementor-element-populated\">\n\t\t\t\t\t\t<div class=\"elementor-element elementor-element-d580af1 elementor-widget__width-inherit elementor-widget elementor-widget-image\" data-id=\"d580af1\" data-element_type=\"widget\" data-widget_type=\"image.default\">\n\t\t\t\t<div class=\"elementor-widget-container\">\n\t\t\t<style>\/*! elementor - v3.22.0 - 26-06-2024 *\/\n.elementor-widget-image{text-align:center}.elementor-widget-image a{display:inline-block}.elementor-widget-image a img[src$=\".svg\"]{width:48px}.elementor-widget-image img{vertical-align:middle;display:inline-block}<\/style>\t\t\t\t\t\t\t\t\t\t<img fetchpriority=\"high\" decoding=\"async\" width=\"1176\" height=\"1370\" src=\"https:\/\/joiemoi.com\/wp-content\/uploads\/2024\/03\/professional-organizer-montreal-joie-et-moi-about-me.jpg\" class=\"attachment-full size-full wp-image-9794\" alt=\"\" srcset=\"https:\/\/joiemoi.com\/wp-content\/uploads\/2024\/03\/professional-organizer-montreal-joie-et-moi-about-me.jpg 1176w, https:\/\/joiemoi.com\/wp-content\/uploads\/2024\/03\/professional-organizer-montreal-joie-et-moi-about-me-258x300.jpg 258w, https:\/\/joiemoi.com\/wp-content\/uploads\/2024\/03\/professional-organizer-montreal-joie-et-moi-about-me-879x1024.jpg 879w, https:\/\/joiemoi.com\/wp-content\/uploads\/2024\/03\/professional-organizer-montreal-joie-et-moi-about-me-768x895.jpg 768w\" sizes=\"(max-width: 1176px) 100vw, 1176px\" \/>\t\t\t\t\t\t\t\t\t\t\t\t\t<\/div>\n\t\t\t\t<\/div>\n\t\t\t\t\t<\/div>\n\t\t<\/div>\n\t\t\t\t\t<\/div>\n\t\t<\/section>\n\t\t\t\t<section data-dynamic-background-color=\"#A9B1AB\" class=\"elementor-section elementor-top-section elementor-element elementor-element-c7ac0d2 elementor-section-full_width elementor-reverse-mobile elementor-section-height-default elementor-section-height-default qodef-elementor-content-no qodef-elementor-column-no\" data-id=\"c7ac0d2\" data-element_type=\"section\">\n\t\t\t\t\t\t\t<div class=\"elementor-background-overlay\"><\/div>\n\t\t\t\t\t\t\t<div class=\"elementor-container elementor-column-gap-no\">\n\t\t\t\t\t<div class=\"elementor-column elementor-col-50 elementor-top-column elementor-element elementor-element-532b788\" data-id=\"532b788\" data-element_type=\"column\">\n\t\t\t<div class=\"elementor-widget-wrap elementor-element-populated\">\n\t\t\t\t\t\t<div class=\"elementor-element elementor-element-911a941 elementor-widget__width-inherit elementor-widget elementor-widget-image\" data-id=\"911a941\" data-element_type=\"widget\" data-widget_type=\"image.default\">\n\t\t\t\t<div class=\"elementor-widget-container\">\n\t\t\t\t\t\t\t\t\t\t\t\t\t<img decoding=\"async\" width=\"1248\" height=\"1456\" src=\"https:\/\/joiemoi.com\/wp-content\/uploads\/2024\/05\/organisateur-professionnel-montreal-joie-et-moi-relationship-with-joy-logo.jpg\" class=\"attachment-full size-full wp-image-11447\" alt=\"\" srcset=\"https:\/\/joiemoi.com\/wp-content\/uploads\/2024\/05\/organisateur-professionnel-montreal-joie-et-moi-relationship-with-joy-logo.jpg 1248w, https:\/\/joiemoi.com\/wp-content\/uploads\/2024\/05\/organisateur-professionnel-montreal-joie-et-moi-relationship-with-joy-logo-257x300.jpg 257w, https:\/\/joiemoi.com\/wp-content\/uploads\/2024\/05\/organisateur-professionnel-montreal-joie-et-moi-relationship-with-joy-logo-878x1024.jpg 878w, https:\/\/joiemoi.com\/wp-content\/uploads\/2024\/05\/organisateur-professionnel-montreal-joie-et-moi-relationship-with-joy-logo-768x896.jpg 768w\" sizes=\"(max-width: 1248px) 100vw, 1248px\" \/>\t\t\t\t\t\t\t\t\t\t\t\t\t<\/div>\n\t\t\t\t<\/div>\n\t\t\t\t\t<\/div>\n\t\t<\/div>\n\t\t\t\t<div class=\"elementor-column elementor-col-50 elementor-top-column elementor-element elementor-element-de9e97b\" data-id=\"de9e97b\" data-element_type=\"column\">\n\t\t\t<div class=\"elementor-widget-wrap elementor-element-populated\">\n\t\t\t\t\t\t<div class=\"elementor-element elementor-element-c9cc0f7 elementor-widget elementor-widget-text-editor\" data-id=\"c9cc0f7\" data-element_type=\"widget\" data-widget_type=\"text-editor.default\">\n\t\t\t\t<div class=\"elementor-widget-container\">\n\t\t\t\t\t\t\t<h4>\u00c0 propos du logo<\/h4><p>Lors de la r\u00e9flexion initiale pour la cr\u00e9ation du logo, j\u2019imaginais les lettres \u00ab\u00a0j\u00a0\u00bb et \u00ab\u00a0m\u00a0\u00bb reli\u00e9es par une esperluette (&amp;) en forme de fleur. Les \u00e9bauches se sont tranquillement transform\u00e9es en un design plus \u00e9pur\u00e9, penchant vers la calligraphie. La version finale du logo tire une ressemblance \u00e0 l\u2019unalome; le symbole bouddhiste qui symbolise le chemin vers l\u2019illumination. Par un brin de magie, cela correspond parfaitement \u00e0 la vision de l\u2019entreprise.<\/p>\t\t\t\t\t\t<\/div>\n\t\t\t\t<\/div>\n\t\t\t\t\t<\/div>\n\t\t<\/div>\n\t\t\t\t\t<\/div>\n\t\t<\/section>\n\t\t\t\t<\/div>\n\t\t","protected":false},"excerpt":{"rendered":"<p>\u00c0 Propos Bonjour et bienvenue! Je m\u2019appelle Minh. Je suis une organisatrice professionnelle et une consultante Konmari certifi\u00e9. Dans d\u2019autres sph\u00e8res de la vie, je suis l\u2019artiste r\u00eaveuse, la maman qui s&rsquo;\u00e9l\u00e8ve, la super tante, la cousine excentrique, l\u2019amie cool et la coll\u00e8gue fiable. Si vous aimez l\u2019astrologie, je suis Taureau avec une lune en [&hellip;]<\/p>\n","protected":false},"author":1,"featured_media":0,"parent":0,"menu_order":0,"comment_status":"closed","ping_status":"closed","template":"page-full-width.php","meta":{"inline_featured_image":false,"footnotes":""},"_links":{"self":[{"href":"https:\/\/joiemoi.com\/fr\/wp-json\/wp\/v2\/pages\/11239"}],"collection":[{"href":"https:\/\/joiemoi.com\/fr\/wp-json\/wp\/v2\/pages"}],"about":[{"href":"https:\/\/joiemoi.com\/fr\/wp-json\/wp\/v2\/types\/page"}],"author":[{"embeddable":true,"href":"https:\/\/joiemoi.com\/fr\/wp-json\/wp\/v2\/users\/1"}],"replies":[{"embeddable":true,"href":"https:\/\/joiemoi.com\/fr\/wp-json\/wp\/v2\/comments?post=11239"}],"version-history":[{"count":32,"href":"https:\/\/joiemoi.com\/fr\/wp-json\/wp\/v2\/pages\/11239\/revisions"}],"predecessor-version":[{"id":11885,"href":"https:\/\/joiemoi.com\/fr\/wp-json\/wp\/v2\/pages\/11239\/revisions\/11885"}],"wp:attachment":[{"href":"https:\/\/joiemoi.com\/fr\/wp-json\/wp\/v2\/media?parent=11239"}],"curies":[{"name":"wp","href":"https:\/\/api.w.org\/{rel}","templated":true}]}}